{"id":6394,"date":"2024-10-09T08:38:52","date_gmt":"2024-10-09T06:38:52","guid":{"rendered":"https:\/\/www.olisschnitzstube.de\/shop\/wp-admin\/?post_type=product&#038;p=6394"},"modified":"2026-03-02T08:57:54","modified_gmt":"2026-03-02T07:57:54","slug":"mcc-kirchturmuhr-1-tag","status":"publish","type":"product","link":"https:\/\/www.olisschnitzstube.de\/shop\/product\/mcc-kirchturmuhr-1-tag\/","title":{"rendered":"MCC Kirchturmuhr 1-Tag"},"content":{"rendered":"<p>Reproduktion einer sehr alten Kuckuckuhr. Rundherum handgespaltene Schindeln. 50 cm H\u00f6he mit handgeschnitzten Zeigern. Erh\u00e4ltlich auch in natur, natur gebrannt, kirschbaumfarbig und in nu\u00dfbaumfarbig gebeizt.<\/p>\n","protected":false},"excerpt":{"rendered":"<p>Reproduktion einer sehr alten Kuckuckuhr. Rundherum handgespaltene Schindeln. 50 cm H\u00f6he mit handgeschnitzten Zeigern. Erh\u00e4ltlich auch in natur, natur gebrannt, kirschbaumfarbig und in nu\u00dfbaumfarbig gebeizt.<\/p>\n","protected":false},"featured_media":6395,"comment_status":"open","ping_status":"closed","template":"","meta":{"_acf_changed":false},"product_brand":[],"product_cat":[311],"product_tag":[],"class_list":{"0":"post-6394","1":"product","2":"type-product","3":"status-publish","4":"has-post-thumbnail","6":"product_cat-kuckucksuhren","8":"first","9":"instock","10":"taxable","11":"shipping-taxable","12":"purchasable","13":"product-type-simple"},"acf":[],"_links":{"self":[{"href":"https:\/\/www.olisschnitzstube.de\/shop\/wp-json\/wp\/v2\/product\/6394"}],"collection":[{"href":"https:\/\/www.olisschnitzstube.de\/shop\/wp-json\/wp\/v2\/product"}],"about":[{"href":"https:\/\/www.olisschnitzstube.de\/shop\/wp-json\/wp\/v2\/types\/product"}],"replies":[{"embeddable":true,"href":"https:\/\/www.olisschnitzstube.de\/shop\/wp-json\/wp\/v2\/comments?post=6394"}],"wp:featuredmedia":[{"embeddable":true,"href":"https:\/\/www.olisschnitzstube.de\/shop\/wp-json\/wp\/v2\/media\/6395"}],"wp:attachment":[{"href":"https:\/\/www.olisschnitzstube.de\/shop\/wp-json\/wp\/v2\/media?parent=6394"}],"wp:term":[{"taxonomy":"product_brand","embeddable":true,"href":"https:\/\/www.olisschnitzstube.de\/shop\/wp-json\/wp\/v2\/product_brand?post=6394"},{"taxonomy":"product_cat","embeddable":true,"href":"https:\/\/www.olisschnitzstube.de\/shop\/wp-json\/wp\/v2\/product_cat?post=6394"},{"taxonomy":"product_tag","embeddable":true,"href":"https:\/\/www.olisschnitzstube.de\/shop\/wp-json\/wp\/v2\/product_tag?post=6394"}],"curies":[{"name":"wp","href":"https:\/\/api.w.org\/{rel}","templated":true}]}}