{"id":6450,"date":"2024-10-09T08:38:23","date_gmt":"2024-10-09T06:38:23","guid":{"rendered":"https:\/\/www.olisschnitzstube.de\/shop\/wp-admin\/?post_type=product&#038;p=6450"},"modified":"2026-03-02T09:11:21","modified_gmt":"2026-03-02T08:11:21","slug":"mcc-kuckuckuhr-8-tag-walmdach-mit-vogeln","status":"publish","type":"product","link":"https:\/\/www.olisschnitzstube.de\/shop\/product\/mcc-kuckuckuhr-8-tag-walmdach-mit-vogeln\/","title":{"rendered":"MCC Kuckuckuhr 8-Tag Walmdach mit V\u00f6geln"},"content":{"rendered":"<p>Sehr detailliert geschnitzte Kuckucksuhr mit handgeschnitzen Zeigern und Schindeln auf dem Dach und auf der Seite vom Grundhaus. Breite 26 x H\u00f6he 33 cm.<\/p>\n<p>Auch in Breite 35 x H\u00f6he 40 cm erh\u00e4ltlich. \u20ac 725.&#8211;<\/p>\n","protected":false},"excerpt":{"rendered":"<p>Sehr detailliert geschnitzte Kuckucksuhr mit handgeschnitzen Zeigern und Schindeln auf dem Dach und auf der Seite vom Grundhaus. Breite 26 x H\u00f6he 33 cm. Auch in Breite 35 x H\u00f6he 40 cm erh\u00e4ltlich. \u20ac 725.&#8211;<\/p>\n","protected":false},"featured_media":6451,"comment_status":"open","ping_status":"closed","template":"","meta":{"_acf_changed":false},"product_brand":[],"product_cat":[311],"product_tag":[],"class_list":{"0":"post-6450","1":"product","2":"type-product","3":"status-publish","4":"has-post-thumbnail","6":"product_cat-kuckucksuhren","8":"first","9":"instock","10":"taxable","11":"shipping-taxable","12":"purchasable","13":"product-type-simple"},"acf":[],"_links":{"self":[{"href":"https:\/\/www.olisschnitzstube.de\/shop\/wp-json\/wp\/v2\/product\/6450"}],"collection":[{"href":"https:\/\/www.olisschnitzstube.de\/shop\/wp-json\/wp\/v2\/product"}],"about":[{"href":"https:\/\/www.olisschnitzstube.de\/shop\/wp-json\/wp\/v2\/types\/product"}],"replies":[{"embeddable":true,"href":"https:\/\/www.olisschnitzstube.de\/shop\/wp-json\/wp\/v2\/comments?post=6450"}],"wp:featuredmedia":[{"embeddable":true,"href":"https:\/\/www.olisschnitzstube.de\/shop\/wp-json\/wp\/v2\/media\/6451"}],"wp:attachment":[{"href":"https:\/\/www.olisschnitzstube.de\/shop\/wp-json\/wp\/v2\/media?parent=6450"}],"wp:term":[{"taxonomy":"product_brand","embeddable":true,"href":"https:\/\/www.olisschnitzstube.de\/shop\/wp-json\/wp\/v2\/product_brand?post=6450"},{"taxonomy":"product_cat","embeddable":true,"href":"https:\/\/www.olisschnitzstube.de\/shop\/wp-json\/wp\/v2\/product_cat?post=6450"},{"taxonomy":"product_tag","embeddable":true,"href":"https:\/\/www.olisschnitzstube.de\/shop\/wp-json\/wp\/v2\/product_tag?post=6450"}],"curies":[{"name":"wp","href":"https:\/\/api.w.org\/{rel}","templated":true}]}}