{"id":6498,"date":"2024-10-09T08:37:53","date_gmt":"2024-10-09T06:37:53","guid":{"rendered":"https:\/\/www.olisschnitzstube.de\/shop\/wp-admin\/?post_type=product&#038;p=6498"},"modified":"2026-03-10T13:24:18","modified_gmt":"2026-03-10T12:24:18","slug":"mcc-1-tag-kirchturmuhr-mit-ruckbrett","status":"publish","type":"product","link":"https:\/\/www.olisschnitzstube.de\/shop\/product\/mcc-1-tag-kirchturmuhr-mit-ruckbrett\/","title":{"rendered":"MCC 1-Tag Kirchturmuhr mit R\u00fcckbrett"},"content":{"rendered":"<p>Reproduktion einer sehr alten Kuckuckuhr. Rundherum handgespaltene Schindeln.H\u00f6he ca. 50 cm. Ziffernblatt und Zeiger handgeschnitzt. Auch in natur, natur gebrannt, kirschbaumfarbig, nu\u00dfbaumfarbig und antik schwarz lieferbar.<\/p>\n","protected":false},"excerpt":{"rendered":"<p>Reproduktion einer sehr alten Kuckuckuhr. Rundherum handgespaltene Schindeln.H\u00f6he ca. 50 cm. Ziffernblatt und Zeiger handgeschnitzt. Auch in natur, natur gebrannt, kirschbaumfarbig, nu\u00dfbaumfarbig und antik schwarz lieferbar.<\/p>\n","protected":false},"featured_media":6499,"comment_status":"open","ping_status":"closed","template":"","meta":{"_acf_changed":false},"product_brand":[],"product_cat":[311],"product_tag":[],"class_list":{"0":"post-6498","1":"product","2":"type-product","3":"status-publish","4":"has-post-thumbnail","6":"product_cat-kuckucksuhren","8":"first","9":"instock","10":"taxable","11":"shipping-taxable","12":"purchasable","13":"product-type-simple"},"acf":[],"_links":{"self":[{"href":"https:\/\/www.olisschnitzstube.de\/shop\/wp-json\/wp\/v2\/product\/6498"}],"collection":[{"href":"https:\/\/www.olisschnitzstube.de\/shop\/wp-json\/wp\/v2\/product"}],"about":[{"href":"https:\/\/www.olisschnitzstube.de\/shop\/wp-json\/wp\/v2\/types\/product"}],"replies":[{"embeddable":true,"href":"https:\/\/www.olisschnitzstube.de\/shop\/wp-json\/wp\/v2\/comments?post=6498"}],"wp:featuredmedia":[{"embeddable":true,"href":"https:\/\/www.olisschnitzstube.de\/shop\/wp-json\/wp\/v2\/media\/6499"}],"wp:attachment":[{"href":"https:\/\/www.olisschnitzstube.de\/shop\/wp-json\/wp\/v2\/media?parent=6498"}],"wp:term":[{"taxonomy":"product_brand","embeddable":true,"href":"https:\/\/www.olisschnitzstube.de\/shop\/wp-json\/wp\/v2\/product_brand?post=6498"},{"taxonomy":"product_cat","embeddable":true,"href":"https:\/\/www.olisschnitzstube.de\/shop\/wp-json\/wp\/v2\/product_cat?post=6498"},{"taxonomy":"product_tag","embeddable":true,"href":"https:\/\/www.olisschnitzstube.de\/shop\/wp-json\/wp\/v2\/product_tag?post=6498"}],"curies":[{"name":"wp","href":"https:\/\/api.w.org\/{rel}","templated":true}]}}