{"id":6510,"date":"2024-10-09T08:37:52","date_gmt":"2024-10-09T06:37:52","guid":{"rendered":"https:\/\/www.olisschnitzstube.de\/shop\/wp-admin\/?post_type=product&#038;p=6510"},"modified":"2026-03-02T09:26:03","modified_gmt":"2026-03-02T08:26:03","slug":"mcc-kuckuckuhr-mit-eichhornchen-und-eichenlaub","status":"publish","type":"product","link":"https:\/\/www.olisschnitzstube.de\/shop\/product\/mcc-kuckuckuhr-mit-eichhornchen-und-eichenlaub\/","title":{"rendered":"MCC Kuckuckuhr mit Eichh\u00f6rnchen und Eichenlaub"},"content":{"rendered":"<p>Sehr detailliert und tiefgeschnitzte Kuckuckuhr, H\u00f6he 30 cm. Mit handgeschnitzten Zeigern und Schnindeln auf dem Dach und der Seite vom Grundh\u00e4usle. 1-Tag Uhrwerk<\/p>\n","protected":false},"excerpt":{"rendered":"<p>Sehr detailliert und tiefgeschnitzte Kuckuckuhr, H\u00f6he 30 cm. Mit handgeschnitzten Zeigern und Schnindeln auf dem Dach und der Seite vom Grundh\u00e4usle. 1-Tag Uhrwerk<\/p>\n","protected":false},"featured_media":6511,"comment_status":"open","ping_status":"closed","template":"","meta":{"_acf_changed":false},"product_brand":[],"product_cat":[311],"product_tag":[],"class_list":{"0":"post-6510","1":"product","2":"type-product","3":"status-publish","4":"has-post-thumbnail","6":"product_cat-kuckucksuhren","8":"first","9":"instock","10":"taxable","11":"shipping-taxable","12":"purchasable","13":"product-type-simple"},"acf":[],"_links":{"self":[{"href":"https:\/\/www.olisschnitzstube.de\/shop\/wp-json\/wp\/v2\/product\/6510"}],"collection":[{"href":"https:\/\/www.olisschnitzstube.de\/shop\/wp-json\/wp\/v2\/product"}],"about":[{"href":"https:\/\/www.olisschnitzstube.de\/shop\/wp-json\/wp\/v2\/types\/product"}],"replies":[{"embeddable":true,"href":"https:\/\/www.olisschnitzstube.de\/shop\/wp-json\/wp\/v2\/comments?post=6510"}],"wp:featuredmedia":[{"embeddable":true,"href":"https:\/\/www.olisschnitzstube.de\/shop\/wp-json\/wp\/v2\/media\/6511"}],"wp:attachment":[{"href":"https:\/\/www.olisschnitzstube.de\/shop\/wp-json\/wp\/v2\/media?parent=6510"}],"wp:term":[{"taxonomy":"product_brand","embeddable":true,"href":"https:\/\/www.olisschnitzstube.de\/shop\/wp-json\/wp\/v2\/product_brand?post=6510"},{"taxonomy":"product_cat","embeddable":true,"href":"https:\/\/www.olisschnitzstube.de\/shop\/wp-json\/wp\/v2\/product_cat?post=6510"},{"taxonomy":"product_tag","embeddable":true,"href":"https:\/\/www.olisschnitzstube.de\/shop\/wp-json\/wp\/v2\/product_tag?post=6510"}],"curies":[{"name":"wp","href":"https:\/\/api.w.org\/{rel}","templated":true}]}}