{"id":6594,"date":"2024-10-09T08:35:33","date_gmt":"2024-10-09T06:35:33","guid":{"rendered":"https:\/\/www.olisschnitzstube.de\/shop\/wp-admin\/?post_type=product&#038;p=6594"},"modified":"2026-03-02T09:58:04","modified_gmt":"2026-03-02T08:58:04","slug":"mcc-8-tage-musikuhr-mit-waldtieren","status":"publish","type":"product","link":"https:\/\/www.olisschnitzstube.de\/shop\/product\/mcc-8-tage-musikuhr-mit-waldtieren\/","title":{"rendered":"MCC 8-Tage-Musikuhr mit Waldtieren"},"content":{"rendered":"<p>Aus Kiefer geschnitzte Tannen nu\u00dfbaumfarbig gebeizt. B\u00e4r, Eulen und Eichh\u00f6rnchen aus Ahorn. Die Tanzfiguren sind bemalte Ahornv\u00f6gel. H\u00f6he 51 cm.<\/p>\n","protected":false},"excerpt":{"rendered":"<p>Aus Kiefer geschnitzte Tannen nu\u00dfbaumfarbig gebeizt. B\u00e4r, Eulen und Eichh\u00f6rnchen aus Ahorn. Die Tanzfiguren sind bemalte Ahornv\u00f6gel. H\u00f6he 51 cm.<\/p>\n","protected":false},"featured_media":6595,"comment_status":"open","ping_status":"closed","template":"","meta":{"_acf_changed":false},"product_brand":[],"product_cat":[311],"product_tag":[],"class_list":{"0":"post-6594","1":"product","2":"type-product","3":"status-publish","4":"has-post-thumbnail","6":"product_cat-kuckucksuhren","8":"first","9":"instock","10":"taxable","11":"shipping-taxable","12":"purchasable","13":"product-type-simple"},"acf":[],"_links":{"self":[{"href":"https:\/\/www.olisschnitzstube.de\/shop\/wp-json\/wp\/v2\/product\/6594"}],"collection":[{"href":"https:\/\/www.olisschnitzstube.de\/shop\/wp-json\/wp\/v2\/product"}],"about":[{"href":"https:\/\/www.olisschnitzstube.de\/shop\/wp-json\/wp\/v2\/types\/product"}],"replies":[{"embeddable":true,"href":"https:\/\/www.olisschnitzstube.de\/shop\/wp-json\/wp\/v2\/comments?post=6594"}],"wp:featuredmedia":[{"embeddable":true,"href":"https:\/\/www.olisschnitzstube.de\/shop\/wp-json\/wp\/v2\/media\/6595"}],"wp:attachment":[{"href":"https:\/\/www.olisschnitzstube.de\/shop\/wp-json\/wp\/v2\/media?parent=6594"}],"wp:term":[{"taxonomy":"product_brand","embeddable":true,"href":"https:\/\/www.olisschnitzstube.de\/shop\/wp-json\/wp\/v2\/product_brand?post=6594"},{"taxonomy":"product_cat","embeddable":true,"href":"https:\/\/www.olisschnitzstube.de\/shop\/wp-json\/wp\/v2\/product_cat?post=6594"},{"taxonomy":"product_tag","embeddable":true,"href":"https:\/\/www.olisschnitzstube.de\/shop\/wp-json\/wp\/v2\/product_tag?post=6594"}],"curies":[{"name":"wp","href":"https:\/\/api.w.org\/{rel}","templated":true}]}}