{"id":6602,"date":"2024-10-09T08:35:32","date_gmt":"2024-10-09T06:35:32","guid":{"rendered":"https:\/\/www.olisschnitzstube.de\/shop\/wp-admin\/?post_type=product&#038;p=6602"},"modified":"2026-03-02T10:00:37","modified_gmt":"2026-03-02T09:00:37","slug":"mcc-walmdach-kuckuckuhr-mit-musik","status":"publish","type":"product","link":"https:\/\/www.olisschnitzstube.de\/shop\/product\/mcc-walmdach-kuckuckuhr-mit-musik\/","title":{"rendered":"MCC Walmdach-Kuckuckuhr mit Musik"},"content":{"rendered":"<p>Tief geschnitzte Kuckuckuhr aus Kiefer mit Eichenbl\u00e4ttern nu\u00dfbaumfarbig gebeizt. Eulen und Tanzfiguren aus Ahorn. Seitlich und auf dem Dach handschnittene Schindeln. H\u00f6he ca. 50 cm.<\/p>\n","protected":false},"excerpt":{"rendered":"<p>Tief geschnitzte Kuckuckuhr aus Kiefer mit Eichenbl\u00e4ttern nu\u00dfbaumfarbig gebeizt. Eulen und Tanzfiguren aus Ahorn. Seitlich und auf dem Dach handschnittene Schindeln. H\u00f6he ca. 50 cm.<\/p>\n","protected":false},"featured_media":6603,"comment_status":"open","ping_status":"closed","template":"","meta":{"_acf_changed":false},"product_brand":[],"product_cat":[311],"product_tag":[],"class_list":{"0":"post-6602","1":"product","2":"type-product","3":"status-publish","4":"has-post-thumbnail","6":"product_cat-kuckucksuhren","8":"first","9":"instock","10":"taxable","11":"shipping-taxable","12":"purchasable","13":"product-type-simple"},"acf":[],"_links":{"self":[{"href":"https:\/\/www.olisschnitzstube.de\/shop\/wp-json\/wp\/v2\/product\/6602"}],"collection":[{"href":"https:\/\/www.olisschnitzstube.de\/shop\/wp-json\/wp\/v2\/product"}],"about":[{"href":"https:\/\/www.olisschnitzstube.de\/shop\/wp-json\/wp\/v2\/types\/product"}],"replies":[{"embeddable":true,"href":"https:\/\/www.olisschnitzstube.de\/shop\/wp-json\/wp\/v2\/comments?post=6602"}],"wp:featuredmedia":[{"embeddable":true,"href":"https:\/\/www.olisschnitzstube.de\/shop\/wp-json\/wp\/v2\/media\/6603"}],"wp:attachment":[{"href":"https:\/\/www.olisschnitzstube.de\/shop\/wp-json\/wp\/v2\/media?parent=6602"}],"wp:term":[{"taxonomy":"product_brand","embeddable":true,"href":"https:\/\/www.olisschnitzstube.de\/shop\/wp-json\/wp\/v2\/product_brand?post=6602"},{"taxonomy":"product_cat","embeddable":true,"href":"https:\/\/www.olisschnitzstube.de\/shop\/wp-json\/wp\/v2\/product_cat?post=6602"},{"taxonomy":"product_tag","embeddable":true,"href":"https:\/\/www.olisschnitzstube.de\/shop\/wp-json\/wp\/v2\/product_tag?post=6602"}],"curies":[{"name":"wp","href":"https:\/\/api.w.org\/{rel}","templated":true}]}}