{"id":6764,"date":"2024-10-09T08:35:28","date_gmt":"2024-10-09T06:35:28","guid":{"rendered":"https:\/\/www.olisschnitzstube.de\/shop\/wp-admin\/?post_type=product&#038;p=6764"},"modified":"2026-03-02T10:07:45","modified_gmt":"2026-03-02T09:07:45","slug":"mcc-bahnwarterhaus-1-tag-mit-vogeln","status":"publish","type":"product","link":"https:\/\/www.olisschnitzstube.de\/shop\/product\/mcc-bahnwarterhaus-1-tag-mit-vogeln\/","title":{"rendered":"MCC Bahnw\u00e4rterhaus 1-Tag mit V\u00f6geln"},"content":{"rendered":"<p>Original Nachbau einer alten Kuckcuckuhr mit drei V\u00f6geln. Kiefer kirschbaumfabig gebeizt. Die V\u00f6gel sind aus Ahorn kirschbaumfarbig. 1-Tag-Uhrwerk. H\u00f6he 33 cm.<\/p>\n","protected":false},"excerpt":{"rendered":"<p>Original Nachbau einer alten Kuckcuckuhr mit drei V\u00f6geln. Kiefer kirschbaumfabig gebeizt. Die V\u00f6gel sind aus Ahorn kirschbaumfarbig. 1-Tag-Uhrwerk. H\u00f6he 33 cm.<\/p>\n","protected":false},"featured_media":6765,"comment_status":"open","ping_status":"closed","template":"","meta":{"_acf_changed":false},"product_brand":[],"product_cat":[311],"product_tag":[],"class_list":{"0":"post-6764","1":"product","2":"type-product","3":"status-publish","4":"has-post-thumbnail","6":"product_cat-kuckucksuhren","8":"first","9":"instock","10":"taxable","11":"shipping-taxable","12":"purchasable","13":"product-type-simple"},"acf":[],"_links":{"self":[{"href":"https:\/\/www.olisschnitzstube.de\/shop\/wp-json\/wp\/v2\/product\/6764"}],"collection":[{"href":"https:\/\/www.olisschnitzstube.de\/shop\/wp-json\/wp\/v2\/product"}],"about":[{"href":"https:\/\/www.olisschnitzstube.de\/shop\/wp-json\/wp\/v2\/types\/product"}],"replies":[{"embeddable":true,"href":"https:\/\/www.olisschnitzstube.de\/shop\/wp-json\/wp\/v2\/comments?post=6764"}],"wp:featuredmedia":[{"embeddable":true,"href":"https:\/\/www.olisschnitzstube.de\/shop\/wp-json\/wp\/v2\/media\/6765"}],"wp:attachment":[{"href":"https:\/\/www.olisschnitzstube.de\/shop\/wp-json\/wp\/v2\/media?parent=6764"}],"wp:term":[{"taxonomy":"product_brand","embeddable":true,"href":"https:\/\/www.olisschnitzstube.de\/shop\/wp-json\/wp\/v2\/product_brand?post=6764"},{"taxonomy":"product_cat","embeddable":true,"href":"https:\/\/www.olisschnitzstube.de\/shop\/wp-json\/wp\/v2\/product_cat?post=6764"},{"taxonomy":"product_tag","embeddable":true,"href":"https:\/\/www.olisschnitzstube.de\/shop\/wp-json\/wp\/v2\/product_tag?post=6764"}],"curies":[{"name":"wp","href":"https:\/\/api.w.org\/{rel}","templated":true}]}}