{"id":7010,"date":"2024-10-09T08:33:08","date_gmt":"2024-10-09T06:33:08","guid":{"rendered":"https:\/\/www.olisschnitzstube.de\/shop\/wp-admin\/?post_type=product&#038;p=7010"},"modified":"2024-10-09T08:52:44","modified_gmt":"2024-10-09T06:52:44","slug":"mcc-1-tag-musik-uhr-grobe-konsole","status":"publish","type":"product","link":"https:\/\/www.olisschnitzstube.de\/shop\/product\/mcc-1-tag-musik-uhr-grobe-konsole\/","title":{"rendered":"MCC 1-Tag-Musik-Uhr gro\u00dfe Konsole"},"content":{"rendered":"<p>Sch\u00f6nes Schwarzwaldhaus, mit drehendem Wasserrad. Kiefer nu\u00dfbaumfarbig. Figuren Ahorn handbemalt. H\u00f6he 43 x Breite 50 cm.<\/p>\n","protected":false},"excerpt":{"rendered":"<p>Sch\u00f6nes Schwarzwaldhaus, mit drehendem Wasserrad. Kiefer nu\u00dfbaumfarbig. Figuren Ahorn handbemalt. H\u00f6he 43 x Breite 50 cm.<\/p>\n","protected":false},"featured_media":7011,"comment_status":"open","ping_status":"open","template":"","meta":{"_acf_changed":false},"product_brand":[],"product_cat":[311],"product_tag":[],"class_list":{"0":"post-7010","1":"product","2":"type-product","3":"status-publish","4":"has-post-thumbnail","6":"product_cat-kuckucksuhren","8":"first","9":"instock","10":"taxable","11":"shipping-taxable","12":"purchasable","13":"product-type-simple"},"acf":[],"_links":{"self":[{"href":"https:\/\/www.olisschnitzstube.de\/shop\/wp-json\/wp\/v2\/product\/7010"}],"collection":[{"href":"https:\/\/www.olisschnitzstube.de\/shop\/wp-json\/wp\/v2\/product"}],"about":[{"href":"https:\/\/www.olisschnitzstube.de\/shop\/wp-json\/wp\/v2\/types\/product"}],"replies":[{"embeddable":true,"href":"https:\/\/www.olisschnitzstube.de\/shop\/wp-json\/wp\/v2\/comments?post=7010"}],"wp:featuredmedia":[{"embeddable":true,"href":"https:\/\/www.olisschnitzstube.de\/shop\/wp-json\/wp\/v2\/media\/7011"}],"wp:attachment":[{"href":"https:\/\/www.olisschnitzstube.de\/shop\/wp-json\/wp\/v2\/media?parent=7010"}],"wp:term":[{"taxonomy":"product_brand","embeddable":true,"href":"https:\/\/www.olisschnitzstube.de\/shop\/wp-json\/wp\/v2\/product_brand?post=7010"},{"taxonomy":"product_cat","embeddable":true,"href":"https:\/\/www.olisschnitzstube.de\/shop\/wp-json\/wp\/v2\/product_cat?post=7010"},{"taxonomy":"product_tag","embeddable":true,"href":"https:\/\/www.olisschnitzstube.de\/shop\/wp-json\/wp\/v2\/product_tag?post=7010"}],"curies":[{"name":"wp","href":"https:\/\/api.w.org\/{rel}","templated":true}]}}