{"id":7026,"date":"2024-10-09T08:33:06","date_gmt":"2024-10-09T06:33:06","guid":{"rendered":"https:\/\/www.olisschnitzstube.de\/shop\/wp-admin\/?post_type=product&#038;p=7026"},"modified":"2024-10-09T08:52:45","modified_gmt":"2024-10-09T06:52:45","slug":"mcc-8-tag-kuckuckuhr-mit-hirschkopf","status":"publish","type":"product","link":"https:\/\/www.olisschnitzstube.de\/shop\/product\/mcc-8-tag-kuckuckuhr-mit-hirschkopf\/","title":{"rendered":"MCC 8-Tag-Kuckuckuhr mit Hirschkopf"},"content":{"rendered":"<p>Nach alten Vorbildern reproduzierte Kuckuckuhr aus Kiefer nu\u00dfbaumfarbig gebeizt. Auch in anderen Beizt\u00f6nen lieferbar. H\u00f6he ca. 55 cm.<\/p>\n","protected":false},"excerpt":{"rendered":"<p>Nach alten Vorbildern reproduzierte Kuckuckuhr aus Kiefer nu\u00dfbaumfarbig gebeizt. Auch in anderen Beizt\u00f6nen lieferbar. H\u00f6he ca. 55 cm.<\/p>\n","protected":false},"featured_media":7027,"comment_status":"open","ping_status":"open","template":"","meta":{"_acf_changed":false},"product_brand":[],"product_cat":[311],"product_tag":[],"class_list":{"0":"post-7026","1":"product","2":"type-product","3":"status-publish","4":"has-post-thumbnail","6":"product_cat-kuckucksuhren","8":"first","9":"instock","10":"taxable","11":"shipping-taxable","12":"purchasable","13":"product-type-simple"},"acf":[],"_links":{"self":[{"href":"https:\/\/www.olisschnitzstube.de\/shop\/wp-json\/wp\/v2\/product\/7026"}],"collection":[{"href":"https:\/\/www.olisschnitzstube.de\/shop\/wp-json\/wp\/v2\/product"}],"about":[{"href":"https:\/\/www.olisschnitzstube.de\/shop\/wp-json\/wp\/v2\/types\/product"}],"replies":[{"embeddable":true,"href":"https:\/\/www.olisschnitzstube.de\/shop\/wp-json\/wp\/v2\/comments?post=7026"}],"wp:featuredmedia":[{"embeddable":true,"href":"https:\/\/www.olisschnitzstube.de\/shop\/wp-json\/wp\/v2\/media\/7027"}],"wp:attachment":[{"href":"https:\/\/www.olisschnitzstube.de\/shop\/wp-json\/wp\/v2\/media?parent=7026"}],"wp:term":[{"taxonomy":"product_brand","embeddable":true,"href":"https:\/\/www.olisschnitzstube.de\/shop\/wp-json\/wp\/v2\/product_brand?post=7026"},{"taxonomy":"product_cat","embeddable":true,"href":"https:\/\/www.olisschnitzstube.de\/shop\/wp-json\/wp\/v2\/product_cat?post=7026"},{"taxonomy":"product_tag","embeddable":true,"href":"https:\/\/www.olisschnitzstube.de\/shop\/wp-json\/wp\/v2\/product_tag?post=7026"}],"curies":[{"name":"wp","href":"https:\/\/api.w.org\/{rel}","templated":true}]}}