{"id":7054,"date":"2024-10-09T08:31:46","date_gmt":"2024-10-09T06:31:46","guid":{"rendered":"https:\/\/www.olisschnitzstube.de\/shop\/wp-admin\/?post_type=product&#038;p=7054"},"modified":"2024-10-09T08:52:47","modified_gmt":"2024-10-09T06:52:47","slug":"mcc-1-tag-musik-edelweibkinder","status":"publish","type":"product","link":"https:\/\/www.olisschnitzstube.de\/shop\/product\/mcc-1-tag-musik-edelweibkinder\/","title":{"rendered":"MCC 1-Tag Musik Edelwei\u00dfkinder"},"content":{"rendered":"<p>1 Tag Musikuhr mit gebogenem Dach. Dekoration mit handgeschnitzten B\u00e4umen und lieblichen Edelwei\u00dfkindern. Bewegliches Wasserrad.<\/p>\n","protected":false},"excerpt":{"rendered":"<p>1 Tag Musikuhr mit gebogenem Dach. Dekoration mit handgeschnitzten B\u00e4umen und lieblichen Edelwei\u00dfkindern. Bewegliches Wasserrad.<\/p>\n","protected":false},"featured_media":7055,"comment_status":"open","ping_status":"open","template":"","meta":{"_acf_changed":false},"product_brand":[],"product_cat":[311],"product_tag":[],"class_list":{"0":"post-7054","1":"product","2":"type-product","3":"status-publish","4":"has-post-thumbnail","6":"product_cat-kuckucksuhren","8":"first","9":"instock","10":"taxable","11":"shipping-taxable","12":"purchasable","13":"product-type-simple"},"acf":[],"_links":{"self":[{"href":"https:\/\/www.olisschnitzstube.de\/shop\/wp-json\/wp\/v2\/product\/7054"}],"collection":[{"href":"https:\/\/www.olisschnitzstube.de\/shop\/wp-json\/wp\/v2\/product"}],"about":[{"href":"https:\/\/www.olisschnitzstube.de\/shop\/wp-json\/wp\/v2\/types\/product"}],"replies":[{"embeddable":true,"href":"https:\/\/www.olisschnitzstube.de\/shop\/wp-json\/wp\/v2\/comments?post=7054"}],"wp:featuredmedia":[{"embeddable":true,"href":"https:\/\/www.olisschnitzstube.de\/shop\/wp-json\/wp\/v2\/media\/7055"}],"wp:attachment":[{"href":"https:\/\/www.olisschnitzstube.de\/shop\/wp-json\/wp\/v2\/media?parent=7054"}],"wp:term":[{"taxonomy":"product_brand","embeddable":true,"href":"https:\/\/www.olisschnitzstube.de\/shop\/wp-json\/wp\/v2\/product_brand?post=7054"},{"taxonomy":"product_cat","embeddable":true,"href":"https:\/\/www.olisschnitzstube.de\/shop\/wp-json\/wp\/v2\/product_cat?post=7054"},{"taxonomy":"product_tag","embeddable":true,"href":"https:\/\/www.olisschnitzstube.de\/shop\/wp-json\/wp\/v2\/product_tag?post=7054"}],"curies":[{"name":"wp","href":"https:\/\/api.w.org\/{rel}","templated":true}]}}