{"id":7114,"date":"2024-10-09T08:31:41","date_gmt":"2024-10-09T06:31:41","guid":{"rendered":"https:\/\/www.olisschnitzstube.de\/shop\/wp-admin\/?post_type=product&#038;p=7114"},"modified":"2026-03-02T10:42:23","modified_gmt":"2026-03-02T09:42:23","slug":"mcc-kirchturm-uhr-grob-8-tag","status":"publish","type":"product","link":"https:\/\/www.olisschnitzstube.de\/shop\/product\/mcc-kirchturm-uhr-grob-8-tag\/","title":{"rendered":"MCC Kirchturm-Uhr gro\u00df-8-Tag"},"content":{"rendered":"<p>Reproduktion einer sehr alten Kuckuckuhr. Rundherum handgespaltene Schindeln. 65 cm H\u00f6he mit handgeschnitzten Zeigern. Erh\u00e4ltlich auch in natur, natur gebrannt, kirschbaumfarbig, nu\u00dfbaumfarbig und schwarz.<\/p>\n","protected":false},"excerpt":{"rendered":"<p>Reproduktion einer sehr alten Kuckuckuhr. Rundherum handgespaltene Schindeln. 65 cm H\u00f6he mit handgeschnitzten Zeigern. Erh\u00e4ltlich auch in natur, natur gebrannt, kirschbaumfarbig, nu\u00dfbaumfarbig und schwarz.<\/p>\n","protected":false},"featured_media":7115,"comment_status":"open","ping_status":"closed","template":"","meta":{"_acf_changed":false},"product_brand":[],"product_cat":[311],"product_tag":[],"class_list":{"0":"post-7114","1":"product","2":"type-product","3":"status-publish","4":"has-post-thumbnail","6":"product_cat-kuckucksuhren","8":"first","9":"instock","10":"taxable","11":"shipping-taxable","12":"purchasable","13":"product-type-simple"},"acf":[],"_links":{"self":[{"href":"https:\/\/www.olisschnitzstube.de\/shop\/wp-json\/wp\/v2\/product\/7114"}],"collection":[{"href":"https:\/\/www.olisschnitzstube.de\/shop\/wp-json\/wp\/v2\/product"}],"about":[{"href":"https:\/\/www.olisschnitzstube.de\/shop\/wp-json\/wp\/v2\/types\/product"}],"replies":[{"embeddable":true,"href":"https:\/\/www.olisschnitzstube.de\/shop\/wp-json\/wp\/v2\/comments?post=7114"}],"wp:featuredmedia":[{"embeddable":true,"href":"https:\/\/www.olisschnitzstube.de\/shop\/wp-json\/wp\/v2\/media\/7115"}],"wp:attachment":[{"href":"https:\/\/www.olisschnitzstube.de\/shop\/wp-json\/wp\/v2\/media?parent=7114"}],"wp:term":[{"taxonomy":"product_brand","embeddable":true,"href":"https:\/\/www.olisschnitzstube.de\/shop\/wp-json\/wp\/v2\/product_brand?post=7114"},{"taxonomy":"product_cat","embeddable":true,"href":"https:\/\/www.olisschnitzstube.de\/shop\/wp-json\/wp\/v2\/product_cat?post=7114"},{"taxonomy":"product_tag","embeddable":true,"href":"https:\/\/www.olisschnitzstube.de\/shop\/wp-json\/wp\/v2\/product_tag?post=7114"}],"curies":[{"name":"wp","href":"https:\/\/api.w.org\/{rel}","templated":true}]}}