{"id":7156,"date":"2024-10-09T08:02:21","date_gmt":"2024-10-09T06:02:21","guid":{"rendered":"https:\/\/www.olisschnitzstube.de\/shop\/wp-admin\/?post_type=product&#038;p=7156"},"modified":"2026-03-02T10:44:02","modified_gmt":"2026-03-02T09:44:02","slug":"geschnitztes-ruckbrett-mit-tannen-klein","status":"publish","type":"product","link":"https:\/\/www.olisschnitzstube.de\/shop\/product\/geschnitztes-ruckbrett-mit-tannen-klein\/","title":{"rendered":"geschnitztes R\u00fcckbrett mit Tannen klein"},"content":{"rendered":"<p>Fichte in f\u00fcnf verschiedenen Farbt\u00f6nen. Breite ca.&nbsp; 27 x H\u00f6he 40 cm.<\/p>\n","protected":false},"excerpt":{"rendered":"<p>Fichte in f\u00fcnf verschiedenen Farbt\u00f6nen. Breite ca.&nbsp; 27 x H\u00f6he 40 cm.<\/p>\n","protected":false},"featured_media":7157,"comment_status":"open","ping_status":"closed","template":"","meta":{"_acf_changed":false},"product_brand":[],"product_cat":[313],"product_tag":[],"class_list":{"0":"post-7156","1":"product","2":"type-product","3":"status-publish","4":"has-post-thumbnail","6":"product_cat-sondermodelle-und-uhrenzubehor","8":"first","9":"instock","10":"purchasable","11":"product-type-simple"},"acf":[],"_links":{"self":[{"href":"https:\/\/www.olisschnitzstube.de\/shop\/wp-json\/wp\/v2\/product\/7156"}],"collection":[{"href":"https:\/\/www.olisschnitzstube.de\/shop\/wp-json\/wp\/v2\/product"}],"about":[{"href":"https:\/\/www.olisschnitzstube.de\/shop\/wp-json\/wp\/v2\/types\/product"}],"replies":[{"embeddable":true,"href":"https:\/\/www.olisschnitzstube.de\/shop\/wp-json\/wp\/v2\/comments?post=7156"}],"wp:featuredmedia":[{"embeddable":true,"href":"https:\/\/www.olisschnitzstube.de\/shop\/wp-json\/wp\/v2\/media\/7157"}],"wp:attachment":[{"href":"https:\/\/www.olisschnitzstube.de\/shop\/wp-json\/wp\/v2\/media?parent=7156"}],"wp:term":[{"taxonomy":"product_brand","embeddable":true,"href":"https:\/\/www.olisschnitzstube.de\/shop\/wp-json\/wp\/v2\/product_brand?post=7156"},{"taxonomy":"product_cat","embeddable":true,"href":"https:\/\/www.olisschnitzstube.de\/shop\/wp-json\/wp\/v2\/product_cat?post=7156"},{"taxonomy":"product_tag","embeddable":true,"href":"https:\/\/www.olisschnitzstube.de\/shop\/wp-json\/wp\/v2\/product_tag?post=7156"}],"curies":[{"name":"wp","href":"https:\/\/api.w.org\/{rel}","templated":true}]}}