{"id":7160,"date":"2024-10-09T08:02:21","date_gmt":"2024-10-09T06:02:21","guid":{"rendered":"https:\/\/www.olisschnitzstube.de\/shop\/wp-admin\/?post_type=product&#038;p=7160"},"modified":"2024-10-09T08:39:36","modified_gmt":"2024-10-09T06:39:36","slug":"ruckbrett-fichte-geschnizt-mittel","status":"publish","type":"product","link":"https:\/\/www.olisschnitzstube.de\/shop\/product\/ruckbrett-fichte-geschnizt-mittel\/","title":{"rendered":"R\u00fcckbrett Fichte geschnizt mittel"},"content":{"rendered":"<p>Fichte in f\u00fcnf verschiedenen Beizt\u00f6nen. Breite ca. 35 x H\u00f6he 55 cm.<\/p>\n","protected":false},"excerpt":{"rendered":"<p>Fichte in f\u00fcnf verschiedenen Beizt\u00f6nen. Breite ca. 35 x H\u00f6he 55 cm.<\/p>\n","protected":false},"featured_media":7161,"comment_status":"open","ping_status":"closed","template":"","meta":{"_acf_changed":false},"product_brand":[],"product_cat":[313],"product_tag":[],"class_list":{"0":"post-7160","1":"product","2":"type-product","3":"status-publish","4":"has-post-thumbnail","6":"product_cat-sondermodelle-und-uhrenzubehor","8":"first","9":"instock","10":"purchasable","11":"product-type-simple"},"acf":[],"_links":{"self":[{"href":"https:\/\/www.olisschnitzstube.de\/shop\/wp-json\/wp\/v2\/product\/7160"}],"collection":[{"href":"https:\/\/www.olisschnitzstube.de\/shop\/wp-json\/wp\/v2\/product"}],"about":[{"href":"https:\/\/www.olisschnitzstube.de\/shop\/wp-json\/wp\/v2\/types\/product"}],"replies":[{"embeddable":true,"href":"https:\/\/www.olisschnitzstube.de\/shop\/wp-json\/wp\/v2\/comments?post=7160"}],"wp:featuredmedia":[{"embeddable":true,"href":"https:\/\/www.olisschnitzstube.de\/shop\/wp-json\/wp\/v2\/media\/7161"}],"wp:attachment":[{"href":"https:\/\/www.olisschnitzstube.de\/shop\/wp-json\/wp\/v2\/media?parent=7160"}],"wp:term":[{"taxonomy":"product_brand","embeddable":true,"href":"https:\/\/www.olisschnitzstube.de\/shop\/wp-json\/wp\/v2\/product_brand?post=7160"},{"taxonomy":"product_cat","embeddable":true,"href":"https:\/\/www.olisschnitzstube.de\/shop\/wp-json\/wp\/v2\/product_cat?post=7160"},{"taxonomy":"product_tag","embeddable":true,"href":"https:\/\/www.olisschnitzstube.de\/shop\/wp-json\/wp\/v2\/product_tag?post=7160"}],"curies":[{"name":"wp","href":"https:\/\/api.w.org\/{rel}","templated":true}]}}