{"id":7168,"date":"2024-10-09T08:02:20","date_gmt":"2024-10-09T06:02:20","guid":{"rendered":"https:\/\/www.olisschnitzstube.de\/shop\/wp-admin\/?post_type=product&#038;p=7168"},"modified":"2024-10-09T08:40:05","modified_gmt":"2024-10-09T06:40:05","slug":"ruckbrett-fur-gotik-uhr","status":"publish","type":"product","link":"https:\/\/www.olisschnitzstube.de\/shop\/product\/ruckbrett-fur-gotik-uhr\/","title":{"rendered":"R\u00fcckbrett f\u00fcr Gotik-Uhr"},"content":{"rendered":"<p>Fichte in f\u00fcnf verschiedenen Farbt\u00f6nen gebeizt. Breite ca. 37 x H 70 cm.<\/p>\n","protected":false},"excerpt":{"rendered":"<p>Fichte in f\u00fcnf verschiedenen Farbt\u00f6nen gebeizt. Breite ca. 37 x H 70 cm.<\/p>\n","protected":false},"featured_media":7169,"comment_status":"open","ping_status":"closed","template":"","meta":{"_acf_changed":false},"product_brand":[],"product_cat":[313],"product_tag":[],"class_list":{"0":"post-7168","1":"product","2":"type-product","3":"status-publish","4":"has-post-thumbnail","6":"product_cat-sondermodelle-und-uhrenzubehor","8":"first","9":"instock","10":"purchasable","11":"product-type-simple"},"acf":[],"_links":{"self":[{"href":"https:\/\/www.olisschnitzstube.de\/shop\/wp-json\/wp\/v2\/product\/7168"}],"collection":[{"href":"https:\/\/www.olisschnitzstube.de\/shop\/wp-json\/wp\/v2\/product"}],"about":[{"href":"https:\/\/www.olisschnitzstube.de\/shop\/wp-json\/wp\/v2\/types\/product"}],"replies":[{"embeddable":true,"href":"https:\/\/www.olisschnitzstube.de\/shop\/wp-json\/wp\/v2\/comments?post=7168"}],"wp:featuredmedia":[{"embeddable":true,"href":"https:\/\/www.olisschnitzstube.de\/shop\/wp-json\/wp\/v2\/media\/7169"}],"wp:attachment":[{"href":"https:\/\/www.olisschnitzstube.de\/shop\/wp-json\/wp\/v2\/media?parent=7168"}],"wp:term":[{"taxonomy":"product_brand","embeddable":true,"href":"https:\/\/www.olisschnitzstube.de\/shop\/wp-json\/wp\/v2\/product_brand?post=7168"},{"taxonomy":"product_cat","embeddable":true,"href":"https:\/\/www.olisschnitzstube.de\/shop\/wp-json\/wp\/v2\/product_cat?post=7168"},{"taxonomy":"product_tag","embeddable":true,"href":"https:\/\/www.olisschnitzstube.de\/shop\/wp-json\/wp\/v2\/product_tag?post=7168"}],"curies":[{"name":"wp","href":"https:\/\/api.w.org\/{rel}","templated":true}]}}