{"id":7172,"date":"2024-10-09T08:02:20","date_gmt":"2024-10-09T06:02:20","guid":{"rendered":"https:\/\/www.olisschnitzstube.de\/shop\/wp-admin\/?post_type=product&#038;p=7172"},"modified":"2026-03-02T10:35:37","modified_gmt":"2026-03-02T09:35:37","slug":"ruckbrett-grob-mit-tannenreibig-schnitzerei","status":"publish","type":"product","link":"https:\/\/www.olisschnitzstube.de\/shop\/product\/ruckbrett-grob-mit-tannenreibig-schnitzerei\/","title":{"rendered":"R\u00fcckbrett gro\u00df mit Tannenrei\u00dfig &#8211; Schnitzerei"},"content":{"rendered":"<p>Fichte in f\u00fcnf verschiedenen Farben. Breite ca. 40 cm x H\u00f6he 75 cm.<\/p>\n","protected":false},"excerpt":{"rendered":"<p>Fichte in f\u00fcnf verschiedenen Farben. Breite ca. 40 cm x H\u00f6he 75 cm.<\/p>\n","protected":false},"featured_media":7173,"comment_status":"open","ping_status":"closed","template":"","meta":{"_acf_changed":false},"product_brand":[],"product_cat":[313],"product_tag":[],"class_list":{"0":"post-7172","1":"product","2":"type-product","3":"status-publish","4":"has-post-thumbnail","6":"product_cat-sondermodelle-und-uhrenzubehor","8":"first","9":"instock","10":"taxable","11":"shipping-taxable","12":"purchasable","13":"product-type-simple"},"acf":[],"_links":{"self":[{"href":"https:\/\/www.olisschnitzstube.de\/shop\/wp-json\/wp\/v2\/product\/7172"}],"collection":[{"href":"https:\/\/www.olisschnitzstube.de\/shop\/wp-json\/wp\/v2\/product"}],"about":[{"href":"https:\/\/www.olisschnitzstube.de\/shop\/wp-json\/wp\/v2\/types\/product"}],"replies":[{"embeddable":true,"href":"https:\/\/www.olisschnitzstube.de\/shop\/wp-json\/wp\/v2\/comments?post=7172"}],"wp:featuredmedia":[{"embeddable":true,"href":"https:\/\/www.olisschnitzstube.de\/shop\/wp-json\/wp\/v2\/media\/7173"}],"wp:attachment":[{"href":"https:\/\/www.olisschnitzstube.de\/shop\/wp-json\/wp\/v2\/media?parent=7172"}],"wp:term":[{"taxonomy":"product_brand","embeddable":true,"href":"https:\/\/www.olisschnitzstube.de\/shop\/wp-json\/wp\/v2\/product_brand?post=7172"},{"taxonomy":"product_cat","embeddable":true,"href":"https:\/\/www.olisschnitzstube.de\/shop\/wp-json\/wp\/v2\/product_cat?post=7172"},{"taxonomy":"product_tag","embeddable":true,"href":"https:\/\/www.olisschnitzstube.de\/shop\/wp-json\/wp\/v2\/product_tag?post=7172"}],"curies":[{"name":"wp","href":"https:\/\/api.w.org\/{rel}","templated":true}]}}