{"id":7196,"date":"2024-10-09T00:00:18","date_gmt":"2024-10-08T22:00:18","guid":{"rendered":"https:\/\/www.olisschnitzstube.de\/shop\/wp-admin\/?post_type=product&#038;p=7196"},"modified":"2024-11-01T08:55:35","modified_gmt":"2024-11-01T07:55:35","slug":"mcc-schneewittchen-pilzuhr-8-tagewerk","status":"publish","type":"product","link":"https:\/\/www.olisschnitzstube.de\/shop\/product\/mcc-schneewittchen-pilzuhr-8-tagewerk\/","title":{"rendered":"MCC Schneewittchen Pilzuhr 8-Tagewerk"},"content":{"rendered":"<p>Massivholz Kuckuckuhr aus Kiefer gebeizt. Figuren Ahorn bemalt. H\u00f6he der Uhr ca. 40 cm. Incl. geschniztes R\u00fcckbrett und Holzgewichte.<\/p>\n<p>Uhr ohne R\u00fcckbrett und ohne Holzgewichte 1.439.&#8211;<\/p>\n<p>&nbsp;<\/p>\n","protected":false},"excerpt":{"rendered":"<p>Massivholz Kuckuckuhr aus Kiefer gebeizt. Figuren Ahorn bemalt. H\u00f6he der Uhr ca. 40 cm. Incl. geschniztes R\u00fcckbrett und Holzgewichte. Uhr ohne R\u00fcckbrett und ohne Holzgewichte 1.439.&#8211; &nbsp;<\/p>\n","protected":false},"featured_media":7197,"comment_status":"open","ping_status":"closed","template":"","meta":{"_acf_changed":false},"product_brand":[],"product_cat":[311],"product_tag":[],"class_list":{"0":"post-7196","1":"product","2":"type-product","3":"status-publish","4":"has-post-thumbnail","6":"product_cat-kuckucksuhren","8":"first","9":"instock","10":"taxable","11":"shipping-taxable","12":"purchasable","13":"product-type-simple"},"acf":[],"_links":{"self":[{"href":"https:\/\/www.olisschnitzstube.de\/shop\/wp-json\/wp\/v2\/product\/7196"}],"collection":[{"href":"https:\/\/www.olisschnitzstube.de\/shop\/wp-json\/wp\/v2\/product"}],"about":[{"href":"https:\/\/www.olisschnitzstube.de\/shop\/wp-json\/wp\/v2\/types\/product"}],"replies":[{"embeddable":true,"href":"https:\/\/www.olisschnitzstube.de\/shop\/wp-json\/wp\/v2\/comments?post=7196"}],"wp:featuredmedia":[{"embeddable":true,"href":"https:\/\/www.olisschnitzstube.de\/shop\/wp-json\/wp\/v2\/media\/7197"}],"wp:attachment":[{"href":"https:\/\/www.olisschnitzstube.de\/shop\/wp-json\/wp\/v2\/media?parent=7196"}],"wp:term":[{"taxonomy":"product_brand","embeddable":true,"href":"https:\/\/www.olisschnitzstube.de\/shop\/wp-json\/wp\/v2\/product_brand?post=7196"},{"taxonomy":"product_cat","embeddable":true,"href":"https:\/\/www.olisschnitzstube.de\/shop\/wp-json\/wp\/v2\/product_cat?post=7196"},{"taxonomy":"product_tag","embeddable":true,"href":"https:\/\/www.olisschnitzstube.de\/shop\/wp-json\/wp\/v2\/product_tag?post=7196"}],"curies":[{"name":"wp","href":"https:\/\/api.w.org\/{rel}","templated":true}]}}