{"id":7208,"date":"2024-10-09T08:02:17","date_gmt":"2024-10-09T06:02:17","guid":{"rendered":"https:\/\/www.olisschnitzstube.de\/shop\/wp-admin\/?post_type=product&#038;p=7208"},"modified":"2026-03-02T10:28:43","modified_gmt":"2026-03-02T09:28:43","slug":"mcc-walmdachuhr-mit-edelweibkindern","status":"publish","type":"product","link":"https:\/\/www.olisschnitzstube.de\/shop\/product\/mcc-walmdachuhr-mit-edelweibkindern\/","title":{"rendered":"MCC Walmdachuhr mit Edelwei\u00dfkindern"},"content":{"rendered":"<p>Kleines Schwarzwaldhaus Kiefer nu\u00dfbaumfarbig gebeizt. Figuren Ahorn handbemalt. H\u00f6he 31 cm &#8211; mit 8-Tage-Werk.<\/p>\n","protected":false},"excerpt":{"rendered":"<p>Kleines Schwarzwaldhaus Kiefer nu\u00dfbaumfarbig gebeizt. Figuren Ahorn handbemalt. H\u00f6he 31 cm &#8211; mit 8-Tage-Werk.<\/p>\n","protected":false},"featured_media":7209,"comment_status":"open","ping_status":"closed","template":"","meta":{"_acf_changed":false},"product_brand":[],"product_cat":[311],"product_tag":[],"class_list":{"0":"post-7208","1":"product","2":"type-product","3":"status-publish","4":"has-post-thumbnail","6":"product_cat-kuckucksuhren","8":"first","9":"instock","10":"taxable","11":"shipping-taxable","12":"purchasable","13":"product-type-simple"},"acf":[],"_links":{"self":[{"href":"https:\/\/www.olisschnitzstube.de\/shop\/wp-json\/wp\/v2\/product\/7208"}],"collection":[{"href":"https:\/\/www.olisschnitzstube.de\/shop\/wp-json\/wp\/v2\/product"}],"about":[{"href":"https:\/\/www.olisschnitzstube.de\/shop\/wp-json\/wp\/v2\/types\/product"}],"replies":[{"embeddable":true,"href":"https:\/\/www.olisschnitzstube.de\/shop\/wp-json\/wp\/v2\/comments?post=7208"}],"wp:featuredmedia":[{"embeddable":true,"href":"https:\/\/www.olisschnitzstube.de\/shop\/wp-json\/wp\/v2\/media\/7209"}],"wp:attachment":[{"href":"https:\/\/www.olisschnitzstube.de\/shop\/wp-json\/wp\/v2\/media?parent=7208"}],"wp:term":[{"taxonomy":"product_brand","embeddable":true,"href":"https:\/\/www.olisschnitzstube.de\/shop\/wp-json\/wp\/v2\/product_brand?post=7208"},{"taxonomy":"product_cat","embeddable":true,"href":"https:\/\/www.olisschnitzstube.de\/shop\/wp-json\/wp\/v2\/product_cat?post=7208"},{"taxonomy":"product_tag","embeddable":true,"href":"https:\/\/www.olisschnitzstube.de\/shop\/wp-json\/wp\/v2\/product_tag?post=7208"}],"curies":[{"name":"wp","href":"https:\/\/api.w.org\/{rel}","templated":true}]}}