{"id":7212,"date":"2024-10-09T08:02:17","date_gmt":"2024-10-09T06:02:17","guid":{"rendered":"https:\/\/www.olisschnitzstube.de\/shop\/wp-admin\/?post_type=product&#038;p=7212"},"modified":"2026-03-02T10:29:59","modified_gmt":"2026-03-02T09:29:59","slug":"mcc-8-tage-musik-walmdach-uhr-mit-weinlaub","status":"publish","type":"product","link":"https:\/\/www.olisschnitzstube.de\/shop\/product\/mcc-8-tage-musik-walmdach-uhr-mit-weinlaub\/","title":{"rendered":"MCC 8-Tage-Musik- Walmdach-Uhr mit Weinlaub"},"content":{"rendered":"<p>Musik-Uhr mit Weinlaubschnitzerei und V\u00f6geln.Schnitzerei Kiefer nu\u00dfbaumfarbig gebeizt. V\u00f6gel und Tanzfiguren aus Ahorn. H\u00f6he 50 cm.<\/p>\n","protected":false},"excerpt":{"rendered":"<p>Musik-Uhr mit Weinlaubschnitzerei und V\u00f6geln.Schnitzerei Kiefer nu\u00dfbaumfarbig gebeizt. V\u00f6gel und Tanzfiguren aus Ahorn. H\u00f6he 50 cm.<\/p>\n","protected":false},"featured_media":7213,"comment_status":"open","ping_status":"closed","template":"","meta":{"_acf_changed":false},"product_brand":[],"product_cat":[311],"product_tag":[],"class_list":{"0":"post-7212","1":"product","2":"type-product","3":"status-publish","4":"has-post-thumbnail","6":"product_cat-kuckucksuhren","8":"first","9":"instock","10":"taxable","11":"shipping-taxable","12":"purchasable","13":"product-type-simple"},"acf":[],"_links":{"self":[{"href":"https:\/\/www.olisschnitzstube.de\/shop\/wp-json\/wp\/v2\/product\/7212"}],"collection":[{"href":"https:\/\/www.olisschnitzstube.de\/shop\/wp-json\/wp\/v2\/product"}],"about":[{"href":"https:\/\/www.olisschnitzstube.de\/shop\/wp-json\/wp\/v2\/types\/product"}],"replies":[{"embeddable":true,"href":"https:\/\/www.olisschnitzstube.de\/shop\/wp-json\/wp\/v2\/comments?post=7212"}],"wp:featuredmedia":[{"embeddable":true,"href":"https:\/\/www.olisschnitzstube.de\/shop\/wp-json\/wp\/v2\/media\/7213"}],"wp:attachment":[{"href":"https:\/\/www.olisschnitzstube.de\/shop\/wp-json\/wp\/v2\/media?parent=7212"}],"wp:term":[{"taxonomy":"product_brand","embeddable":true,"href":"https:\/\/www.olisschnitzstube.de\/shop\/wp-json\/wp\/v2\/product_brand?post=7212"},{"taxonomy":"product_cat","embeddable":true,"href":"https:\/\/www.olisschnitzstube.de\/shop\/wp-json\/wp\/v2\/product_cat?post=7212"},{"taxonomy":"product_tag","embeddable":true,"href":"https:\/\/www.olisschnitzstube.de\/shop\/wp-json\/wp\/v2\/product_tag?post=7212"}],"curies":[{"name":"wp","href":"https:\/\/api.w.org\/{rel}","templated":true}]}}